{"id":1283,"date":"2026-01-01T12:29:59","date_gmt":"2026-01-01T11:29:59","guid":{"rendered":"https:\/\/www.gruene-bergen-enkheim.de\/?page_id=1283"},"modified":"2026-02-12T14:51:22","modified_gmt":"2026-02-12T13:51:22","slug":"offene-stadtteilgruppentreffen-2026","status":"publish","type":"page","link":"https:\/\/www.gruene-bergen-enkheim.de\/?page_id=1283","title":{"rendered":"Offene Stadtteilgruppentreffen 2026"},"content":{"rendered":"\n<p><strong>Offene Stadtteilgruppentreffen<\/strong> <strong>2026<\/strong><\/p>\n\n\n\n<p><br>08.01.26<br>10.02.26 Marktstra\u00dfe 10 in Bergen(-Enkheim) G\u00e4ste: Dr. Katharina Knacker + Dimitrios Bakakis<br>26.03.26<br>29.04.26<br>02.06.26<br>06.08.26<br>09.09.26<br>15.10.26<br>17.11.26<br>12\/26 noch nicht festgelegt<\/p>\n\n\n\n<p>Wir treffen uns i.d.R. einmal im Monat, besch\u00e4ftigen uns dann haupts\u00e4chlich mit stadtteilbezogenen Themen und unserer Arbeit im Ortsbeirat, diskutieren aber nat\u00fcrlich auch \u00fcber Frankfurt und die Welt. Der jeweilige Ort der Treffen wird den Mitgliedern vorab per mail bekannt gegeben.<\/p>\n\n\n\n<p>Interessierte Nicht-Mitglieder k\u00f6nnen ihn gerne \u00fcber unsere allgemeine email Adresse oder telefonisch erfragen (siehe Kontakt).<\/p>\n","protected":false},"excerpt":{"rendered":"<p>Offene Stadtteilgruppentreffen 2026 08.01.2610.02.26 Marktstra\u00dfe 10 in Bergen(-Enkheim) G\u00e4ste: Dr. Katharina Knacker + Dimitrios Bakakis26.03.2629.04.2602.06.2606.08.2609.09.2615.10.2617.11.2612\/26 noch nicht festgelegt Wir treffen uns i.d.R. einmal im Monat, besch\u00e4ftigen uns dann haupts\u00e4chlich mit stadtteilbezogenen Themen und unserer Arbeit im Ortsbeirat, diskutieren aber nat\u00fcrlich auch \u00fcber Frankfurt und die Welt. Der jeweilige Ort der Treffen wird den Mitgliedern vorab [&hellip;]<\/p>\n","protected":false},"author":6,"featured_media":0,"parent":1280,"menu_order":0,"comment_status":"closed","ping_status":"closed","template":"","meta":{"footnotes":""},"class_list":["post-1283","page","type-page","status-publish","hentry"],"_links":{"self":[{"href":"https:\/\/www.gruene-bergen-enkheim.de\/index.php?rest_route=\/wp\/v2\/pages\/1283","targetHints":{"allow":["GET"]}}],"collection":[{"href":"https:\/\/www.gruene-bergen-enkheim.de\/index.php?rest_route=\/wp\/v2\/pages"}],"about":[{"href":"https:\/\/www.gruene-bergen-enkheim.de\/index.php?rest_route=\/wp\/v2\/types\/page"}],"author":[{"embeddable":true,"href":"https:\/\/www.gruene-bergen-enkheim.de\/index.php?rest_route=\/wp\/v2\/users\/6"}],"replies":[{"embeddable":true,"href":"https:\/\/www.gruene-bergen-enkheim.de\/index.php?rest_route=%2Fwp%2Fv2%2Fcomments&post=1283"}],"version-history":[{"count":7,"href":"https:\/\/www.gruene-bergen-enkheim.de\/index.php?rest_route=\/wp\/v2\/pages\/1283\/revisions"}],"predecessor-version":[{"id":1561,"href":"https:\/\/www.gruene-bergen-enkheim.de\/index.php?rest_route=\/wp\/v2\/pages\/1283\/revisions\/1561"}],"up":[{"embeddable":true,"href":"https:\/\/www.gruene-bergen-enkheim.de\/index.php?rest_route=\/wp\/v2\/pages\/1280"}],"wp:attachment":[{"href":"https:\/\/www.gruene-bergen-enkheim.de\/index.php?rest_route=%2Fwp%2Fv2%2Fmedia&parent=1283"}],"curies":[{"name":"wp","href":"https:\/\/api.w.org\/{rel}","templated":true}]}}