{"id":129,"date":"2011-03-07T08:01:15","date_gmt":"2011-03-07T07:01:15","guid":{"rendered":"http:\/\/www.gruene-bergen-enkheim.de\/test\/?page_id=129"},"modified":"2026-01-01T12:02:47","modified_gmt":"2026-01-01T11:02:47","slug":"impressum","status":"publish","type":"page","link":"https:\/\/www.gruene-bergen-enkheim.de\/?page_id=129","title":{"rendered":"Impressum"},"content":{"rendered":"\n<div class=\"wp-block-group\"><div class=\"wp-block-group__inner-container is-layout-flow wp-block-group-is-layout-flow\">\n<h1 class=\"wp-block-heading\">Impressum<\/h1>\n\n\n\n<h4 class=\"wp-block-heading\">Verantwortlich im Sinne \u00a7 5 Digitale-Dienste-Gesetz (DDG):<\/h4>\n\n\n\n<p><\/p>\n\n\n\n<figure class=\"wp-block-table\"><table><tbody><tr><td>Constanze Nordbrock<\/td><td>Anja Schwetje<\/td><\/tr><tr><td>Triebstra\u00dfe 33a<\/td><td><\/td><\/tr><tr><td>60388 Frankfurt<\/td><td><\/td><\/tr><tr><td>constanze.nordbrock@icloud.com<\/td><td>anja.schwetje@gruene-frankfurt.de<\/td><\/tr><\/tbody><\/table><\/figure>\n\n\n\n<h4 class=\"wp-block-heading\">Haftung f\u00fcr Links:<\/h4>\n\n\n\n<p>Unser Angebot enth\u00e4lt Links zu externen Webseiten Dritter, auf deren Inhalte wir keinen Einfluss haben. Deshalb k\u00f6nnen wir f\u00fcr diese fremden Inhalte auch keine Gew\u00e4hr \u00fcbernehmen. F\u00fcr die Inhalte der verlinkten Seiten ist stets der jeweilige Anbieter oder Betreiber der Seiten verantwortlich. Die verlinkten Seiten wurden zum Zeitpunkt der Verlinkung auf m\u00f6gliche Rechtsverst\u00f6\u00dfe \u00fcberpr\u00fcft. Rechtswidrige Inhalte waren zum Zeitpunkt der Verlinkung nicht erkennbar. Eine permanente inhaltliche Kontrolle der verlinkten Seiten ist jedoch ohne konkrete Anhaltspunkte einer Rechtsverletzung nicht zumutbar. Bei bekannt werden von Rechtsverletzungen werden wir derartige Links umgehend entfernen.<\/p>\n<\/div><\/div>\n","protected":false},"excerpt":{"rendered":"<p>Impressum Verantwortlich im Sinne \u00a7 5 Digitale-Dienste-Gesetz (DDG): Constanze Nordbrock Anja Schwetje Triebstra\u00dfe 33a 60388 Frankfurt constanze.nordbrock@icloud.com anja.schwetje@gruene-frankfurt.de Haftung f\u00fcr Links: Unser Angebot enth\u00e4lt Links zu externen Webseiten Dritter, auf deren Inhalte wir keinen Einfluss haben. Deshalb k\u00f6nnen wir f\u00fcr diese fremden Inhalte auch keine Gew\u00e4hr \u00fcbernehmen. F\u00fcr die Inhalte der verlinkten Seiten ist stets [&hellip;]<\/p>\n","protected":false},"author":1,"featured_media":0,"parent":1277,"menu_order":99,"comment_status":"closed","ping_status":"closed","template":"","meta":{"footnotes":""},"class_list":["post-129","page","type-page","status-publish","hentry"],"_links":{"self":[{"href":"https:\/\/www.gruene-bergen-enkheim.de\/index.php?rest_route=\/wp\/v2\/pages\/129","targetHints":{"allow":["GET"]}}],"collection":[{"href":"https:\/\/www.gruene-bergen-enkheim.de\/index.php?rest_route=\/wp\/v2\/pages"}],"about":[{"href":"https:\/\/www.gruene-bergen-enkheim.de\/index.php?rest_route=\/wp\/v2\/types\/page"}],"author":[{"embeddable":true,"href":"https:\/\/www.gruene-bergen-enkheim.de\/index.php?rest_route=\/wp\/v2\/users\/1"}],"replies":[{"embeddable":true,"href":"https:\/\/www.gruene-bergen-enkheim.de\/index.php?rest_route=%2Fwp%2Fv2%2Fcomments&post=129"}],"version-history":[{"count":20,"href":"https:\/\/www.gruene-bergen-enkheim.de\/index.php?rest_route=\/wp\/v2\/pages\/129\/revisions"}],"predecessor-version":[{"id":1256,"href":"https:\/\/www.gruene-bergen-enkheim.de\/index.php?rest_route=\/wp\/v2\/pages\/129\/revisions\/1256"}],"up":[{"embeddable":true,"href":"https:\/\/www.gruene-bergen-enkheim.de\/index.php?rest_route=\/wp\/v2\/pages\/1277"}],"wp:attachment":[{"href":"https:\/\/www.gruene-bergen-enkheim.de\/index.php?rest_route=%2Fwp%2Fv2%2Fmedia&parent=129"}],"curies":[{"name":"wp","href":"https:\/\/api.w.org\/{rel}","templated":true}]}}