{"id":1534,"date":"2026-03-21T17:02:50","date_gmt":"2026-03-21T16:02:50","guid":{"rendered":"https:\/\/www.gruene-bergen-enkheim.de\/?page_id=1534"},"modified":"2026-04-13T18:13:21","modified_gmt":"2026-04-13T16:13:21","slug":"cleanup-frankfurt-2026","status":"publish","type":"page","link":"https:\/\/www.gruene-bergen-enkheim.de\/?page_id=1534","title":{"rendered":"Cleanup Frankfurt 2026"},"content":{"rendered":"\n<p>Als Gruppe sind wir losgezogen, um Fl\u00e4chen, Pl\u00e4tze und Gehwege von hingeworfenem M\u00fcll und vor allem Zigarettenkippen zu befreien. Eine Aktion, um das Bewusstsein f\u00fcr M\u00fcll, der in M\u00fclltonnen, nicht in die freie Wildbahn geh\u00f6rt, zu sch\u00e4rfen.<\/p>\n\n\n\n<p>Alleine in den Bereichen Bornweidstra\u00dfe, Rangenbergstra\u00dfe, Hintereingang Riedschule hin zu den Sportpl\u00e4tzen, Leuchte &#8211; hier beide Parkpl\u00e4tze rund ums Schwimmbad\/Sportpl\u00e4tze\/Riedschule &#8211; bis Ecke Barbarossastra\u00dfe kam da so einiges zusammen.<\/p>\n\n\n\n<p>Sehr erfreulich, dass nicht nur Mitglieder der Gr\u00fcnen Bergen-Enkheim teilnahmen, sondern auch andere engagierte Personen mitgemacht haben!<\/p>\n\n\n\n<figure class=\"wp-block-gallery has-nested-images columns-default is-cropped wp-block-gallery-1 is-layout-flex wp-block-gallery-is-layout-flex\">\n<figure class=\"wp-block-image size-large\"><a href=\"https:\/\/www.gruene-bergen-enkheim.de\/wp-content\/uploads\/2026\/03\/STG16-Bergen-Enkheim-I-2-scaled.jpeg\"><img loading=\"lazy\" decoding=\"async\" width=\"1024\" height=\"768\" data-id=\"1546\" src=\"https:\/\/www.gruene-bergen-enkheim.de\/wp-content\/uploads\/2026\/03\/STG16-Bergen-Enkheim-I-2-1024x768.jpeg\" alt=\"\" class=\"wp-image-1546\" srcset=\"https:\/\/www.gruene-bergen-enkheim.de\/wp-content\/uploads\/2026\/03\/STG16-Bergen-Enkheim-I-2-1024x768.jpeg 1024w, https:\/\/www.gruene-bergen-enkheim.de\/wp-content\/uploads\/2026\/03\/STG16-Bergen-Enkheim-I-2-300x225.jpeg 300w, https:\/\/www.gruene-bergen-enkheim.de\/wp-content\/uploads\/2026\/03\/STG16-Bergen-Enkheim-I-2-768x576.jpeg 768w, https:\/\/www.gruene-bergen-enkheim.de\/wp-content\/uploads\/2026\/03\/STG16-Bergen-Enkheim-I-2-1536x1152.jpeg 1536w, https:\/\/www.gruene-bergen-enkheim.de\/wp-content\/uploads\/2026\/03\/STG16-Bergen-Enkheim-I-2-2048x1536.jpeg 2048w\" sizes=\"auto, (max-width: 1024px) 100vw, 1024px\" \/><\/a><\/figure>\n\n\n\n<figure class=\"wp-block-image size-large\"><a href=\"https:\/\/www.gruene-bergen-enkheim.de\/wp-content\/uploads\/2026\/03\/Image-1-1.jpg\"><img loading=\"lazy\" decoding=\"async\" width=\"1024\" height=\"768\" data-id=\"1547\" src=\"https:\/\/www.gruene-bergen-enkheim.de\/wp-content\/uploads\/2026\/03\/Image-1-1-1024x768.jpg\" alt=\"\" class=\"wp-image-1547\" srcset=\"https:\/\/www.gruene-bergen-enkheim.de\/wp-content\/uploads\/2026\/03\/Image-1-1-1024x768.jpg 1024w, https:\/\/www.gruene-bergen-enkheim.de\/wp-content\/uploads\/2026\/03\/Image-1-1-300x225.jpg 300w, https:\/\/www.gruene-bergen-enkheim.de\/wp-content\/uploads\/2026\/03\/Image-1-1-768x576.jpg 768w, https:\/\/www.gruene-bergen-enkheim.de\/wp-content\/uploads\/2026\/03\/Image-1-1.jpg 1280w\" sizes=\"auto, (max-width: 1024px) 100vw, 1024px\" \/><\/a><\/figure>\n\n\n\n<figure class=\"wp-block-image size-large\"><a href=\"https:\/\/www.gruene-bergen-enkheim.de\/wp-content\/uploads\/2026\/03\/IMG_0915-1.jpeg\"><img loading=\"lazy\" decoding=\"async\" width=\"1024\" height=\"892\" data-id=\"1541\" src=\"https:\/\/www.gruene-bergen-enkheim.de\/wp-content\/uploads\/2026\/03\/IMG_0915-1-1024x892.jpeg\" alt=\"\" class=\"wp-image-1541\" srcset=\"https:\/\/www.gruene-bergen-enkheim.de\/wp-content\/uploads\/2026\/03\/IMG_0915-1-1024x892.jpeg 1024w, https:\/\/www.gruene-bergen-enkheim.de\/wp-content\/uploads\/2026\/03\/IMG_0915-1-300x261.jpeg 300w, https:\/\/www.gruene-bergen-enkheim.de\/wp-content\/uploads\/2026\/03\/IMG_0915-1-768x669.jpeg 768w, https:\/\/www.gruene-bergen-enkheim.de\/wp-content\/uploads\/2026\/03\/IMG_0915-1.jpeg 1478w\" sizes=\"auto, (max-width: 1024px) 100vw, 1024px\" \/><\/a><\/figure>\n\n\n\n<figure class=\"wp-block-image size-large\"><a href=\"https:\/\/www.gruene-bergen-enkheim.de\/wp-content\/uploads\/2026\/03\/IMG_0925-1-rotated.jpeg\"><img loading=\"lazy\" decoding=\"async\" width=\"768\" height=\"1024\" data-id=\"1543\" src=\"https:\/\/www.gruene-bergen-enkheim.de\/wp-content\/uploads\/2026\/03\/IMG_0925-1-768x1024.jpeg\" alt=\"\" class=\"wp-image-1543\" srcset=\"https:\/\/www.gruene-bergen-enkheim.de\/wp-content\/uploads\/2026\/03\/IMG_0925-1-768x1024.jpeg 768w, https:\/\/www.gruene-bergen-enkheim.de\/wp-content\/uploads\/2026\/03\/IMG_0925-1-225x300.jpeg 225w, https:\/\/www.gruene-bergen-enkheim.de\/wp-content\/uploads\/2026\/03\/IMG_0925-1-1152x1536.jpeg 1152w, https:\/\/www.gruene-bergen-enkheim.de\/wp-content\/uploads\/2026\/03\/IMG_0925-1-rotated.jpeg 1512w\" sizes=\"auto, (max-width: 768px) 100vw, 768px\" \/><\/a><\/figure>\n\n\n\n<figure class=\"wp-block-image size-large\"><a href=\"https:\/\/www.gruene-bergen-enkheim.de\/wp-content\/uploads\/2026\/03\/IMG_0914-2.jpeg\"><img loading=\"lazy\" decoding=\"async\" width=\"967\" height=\"1024\" data-id=\"1548\" src=\"https:\/\/www.gruene-bergen-enkheim.de\/wp-content\/uploads\/2026\/03\/IMG_0914-2-967x1024.jpeg\" alt=\"\" class=\"wp-image-1548\" srcset=\"https:\/\/www.gruene-bergen-enkheim.de\/wp-content\/uploads\/2026\/03\/IMG_0914-2-967x1024.jpeg 967w, https:\/\/www.gruene-bergen-enkheim.de\/wp-content\/uploads\/2026\/03\/IMG_0914-2-283x300.jpeg 283w, https:\/\/www.gruene-bergen-enkheim.de\/wp-content\/uploads\/2026\/03\/IMG_0914-2-768x814.jpeg 768w, https:\/\/www.gruene-bergen-enkheim.de\/wp-content\/uploads\/2026\/03\/IMG_0914-2-1450x1536.jpeg 1450w, https:\/\/www.gruene-bergen-enkheim.de\/wp-content\/uploads\/2026\/03\/IMG_0914-2.jpeg 1500w\" sizes=\"auto, (max-width: 967px) 100vw, 967px\" \/><\/a><\/figure>\n\n\n\n<figure class=\"wp-block-image size-large\"><a href=\"https:\/\/www.gruene-bergen-enkheim.de\/wp-content\/uploads\/2026\/03\/STG16-Bergen-Enkheim-II-2-scaled.jpeg\"><img loading=\"lazy\" decoding=\"async\" width=\"768\" height=\"1024\" data-id=\"1549\" src=\"https:\/\/www.gruene-bergen-enkheim.de\/wp-content\/uploads\/2026\/03\/STG16-Bergen-Enkheim-II-2-768x1024.jpeg\" alt=\"\" class=\"wp-image-1549\" srcset=\"https:\/\/www.gruene-bergen-enkheim.de\/wp-content\/uploads\/2026\/03\/STG16-Bergen-Enkheim-II-2-768x1024.jpeg 768w, https:\/\/www.gruene-bergen-enkheim.de\/wp-content\/uploads\/2026\/03\/STG16-Bergen-Enkheim-II-2-225x300.jpeg 225w, https:\/\/www.gruene-bergen-enkheim.de\/wp-content\/uploads\/2026\/03\/STG16-Bergen-Enkheim-II-2-1152x1536.jpeg 1152w, https:\/\/www.gruene-bergen-enkheim.de\/wp-content\/uploads\/2026\/03\/STG16-Bergen-Enkheim-II-2-1536x2048.jpeg 1536w, https:\/\/www.gruene-bergen-enkheim.de\/wp-content\/uploads\/2026\/03\/STG16-Bergen-Enkheim-II-2-scaled.jpeg 1920w\" sizes=\"auto, (max-width: 768px) 100vw, 768px\" \/><\/a><\/figure>\n<\/figure>\n","protected":false},"excerpt":{"rendered":"<p>Als Gruppe sind wir losgezogen, um Fl\u00e4chen, Pl\u00e4tze und Gehwege von hingeworfenem M\u00fcll und vor allem Zigarettenkippen zu befreien. Eine Aktion, um das Bewusstsein f\u00fcr M\u00fcll, der in M\u00fclltonnen, nicht in die freie Wildbahn geh\u00f6rt, zu sch\u00e4rfen. Alleine in den Bereichen Bornweidstra\u00dfe, Rangenbergstra\u00dfe, Hintereingang Riedschule hin zu den Sportpl\u00e4tzen, Leuchte &#8211; hier beide Parkpl\u00e4tze rund [&hellip;]<\/p>\n","protected":false},"author":6,"featured_media":0,"parent":1385,"menu_order":81,"comment_status":"closed","ping_status":"closed","template":"","meta":{"footnotes":""},"class_list":["post-1534","page","type-page","status-publish","hentry"],"_links":{"self":[{"href":"https:\/\/www.gruene-bergen-enkheim.de\/index.php?rest_route=\/wp\/v2\/pages\/1534","targetHints":{"allow":["GET"]}}],"collection":[{"href":"https:\/\/www.gruene-bergen-enkheim.de\/index.php?rest_route=\/wp\/v2\/pages"}],"about":[{"href":"https:\/\/www.gruene-bergen-enkheim.de\/index.php?rest_route=\/wp\/v2\/types\/page"}],"author":[{"embeddable":true,"href":"https:\/\/www.gruene-bergen-enkheim.de\/index.php?rest_route=\/wp\/v2\/users\/6"}],"replies":[{"embeddable":true,"href":"https:\/\/www.gruene-bergen-enkheim.de\/index.php?rest_route=%2Fwp%2Fv2%2Fcomments&post=1534"}],"version-history":[{"count":1,"href":"https:\/\/www.gruene-bergen-enkheim.de\/index.php?rest_route=\/wp\/v2\/pages\/1534\/revisions"}],"predecessor-version":[{"id":1550,"href":"https:\/\/www.gruene-bergen-enkheim.de\/index.php?rest_route=\/wp\/v2\/pages\/1534\/revisions\/1550"}],"up":[{"embeddable":true,"href":"https:\/\/www.gruene-bergen-enkheim.de\/index.php?rest_route=\/wp\/v2\/pages\/1385"}],"wp:attachment":[{"href":"https:\/\/www.gruene-bergen-enkheim.de\/index.php?rest_route=%2Fwp%2Fv2%2Fmedia&parent=1534"}],"curies":[{"name":"wp","href":"https:\/\/api.w.org\/{rel}","templated":true}]}}